{"id":149,"date":"2022-05-30T13:26:57","date_gmt":"2022-05-30T13:26:57","guid":{"rendered":"https:\/\/projekt-armut.bui.haw-hamburg.de\/?page_id=149"},"modified":"2022-08-03T14:19:22","modified_gmt":"2022-08-03T14:19:22","slug":"uber-uns","status":"publish","type":"page","link":"https:\/\/projekt-armut.bui.haw-hamburg.de\/index.php\/uber-uns\/","title":{"rendered":"\u00dcber uns"},"content":{"rendered":"\n<div class=\"wp-block-columns is-layout-flex wp-container-core-columns-is-layout-9d6595d7 wp-block-columns-is-layout-flex\">\n<div class=\"wp-block-column is-layout-flow wp-block-column-is-layout-flow\" style=\"flex-basis:25%\"><\/div>\n\n\n\n<div class=\"wp-block-column is-layout-flow wp-block-column-is-layout-flow\" style=\"flex-basis:50%\">\n<div style=\"height:40px\" aria-hidden=\"true\" class=\"wp-block-spacer\"><\/div>\n\n\n\n<hr class=\"wp-block-separator has-alpha-channel-opacity\"\/>\n\n\n\n<p><em>Moin und sch\u00f6n, dass Du auf diesen Blog gesto\u00dfen bist!<\/em><\/p>\n\n\n\n<p><em>Wir sind eine Gruppe Studierender im 2. Semester des Bachelor-Studiengangs&nbsp;<a href=\"https:\/\/www.haw-hamburg.de\/studiengaenge\/studierende\/stg-dmi\/stg-i\/ba-medien-und-kommunikation\/\">Medien und Kommunikation<\/a>&nbsp;der HAW Hamburg unter der Leitung von Prof. Dr. Hanna Klimpe, Ebru Tongar und Oliver V\u00f6lling. Im letzten Semester sollten wir lernen, sensible Themen journalistisch aufzubereiten und haben uns mit Armut in Hamburg besch\u00e4ftigt. Deshalb ist uns auch auf diesem Blog ein respektvoller Umgang mit den Inhalten und Beitr\u00e4gen wichtig.<\/em><\/p>\n\n\n\n<p><em>Wir hoffen, dass Du etwas mitnehmen und lernen kannst! Wir freuen uns \u00fcber Feedback an&nbsp;<a href=\"mailto:hanna.klimpe@haw-hamburg.de\">hanna.klimpe@haw-hamburg.de<\/a>.<\/em><\/p>\n\n\n\n<p><em>Eure Medien und Kommunikations-Studierenden der HAW Hamburg<\/em><\/p>\n\n\n\n<hr class=\"wp-block-separator has-alpha-channel-opacity\"\/>\n<\/div>\n\n\n\n<div class=\"wp-block-column is-layout-flow wp-block-column-is-layout-flow\" style=\"flex-basis:25%\"><\/div>\n<\/div>\n\n\n\n<p><\/p>\n","protected":false},"excerpt":{"rendered":"<p>Moin und sch\u00f6n, dass Du auf diesen Blog gesto\u00dfen bist! Wir sind eine Gruppe Studierender im 2. Semester des Bachelor-Studiengangs&nbsp;Medien und Kommunikation&nbsp;der HAW Hamburg unter der Leitung von Prof. Dr. Hanna Klimpe, Ebru Tongar und Oliver V\u00f6lling. Im letzten Semester sollten wir lernen, sensible Themen journalistisch aufzubereiten und haben uns mit Armut in Hamburg besch\u00e4ftigt. [&hellip;]<\/p>\n","protected":false},"author":2,"featured_media":0,"parent":0,"menu_order":0,"comment_status":"closed","ping_status":"closed","template":"","meta":{"footnotes":""},"class_list":["post-149","page","type-page","status-publish","hentry","entry"],"yoast_head":"<!-- This site is optimized with the Yoast SEO plugin v19.4 - https:\/\/yoast.com\/wordpress\/plugins\/seo\/ -->\n<title>\u00dcber uns - Armut in Hamburg<\/title>\n<meta name=\"robots\" content=\"index, follow, max-snippet:-1, max-image-preview:large, max-video-preview:-1\" \/>\n<link rel=\"canonical\" href=\"https:\/\/projekt-armut.bui.haw-hamburg.de\/index.php\/uber-uns\/\" \/>\n<meta property=\"og:locale\" content=\"en_US\" \/>\n<meta property=\"og:type\" content=\"article\" \/>\n<meta property=\"og:title\" content=\"\u00dcber uns - Armut in Hamburg\" \/>\n<meta property=\"og:description\" content=\"Moin und sch\u00f6n, dass Du auf diesen Blog gesto\u00dfen bist! Wir sind eine Gruppe Studierender im 2. Semester des Bachelor-Studiengangs&nbsp;Medien und Kommunikation&nbsp;der HAW Hamburg unter der Leitung von Prof. Dr. Hanna Klimpe, Ebru Tongar und Oliver V\u00f6lling. Im letzten Semester sollten wir lernen, sensible Themen journalistisch aufzubereiten und haben uns mit Armut in Hamburg besch\u00e4ftigt. [&hellip;]\" \/>\n<meta property=\"og:url\" content=\"https:\/\/projekt-armut.bui.haw-hamburg.de\/index.php\/uber-uns\/\" \/>\n<meta property=\"og:site_name\" content=\"Armut in Hamburg\" \/>\n<meta property=\"article:modified_time\" content=\"2022-08-03T14:19:22+00:00\" \/>\n<meta name=\"twitter:card\" content=\"summary_large_image\" \/>\n<meta name=\"twitter:label1\" content=\"Est. reading time\" \/>\n\t<meta name=\"twitter:data1\" content=\"1 minute\" \/>\n<script type=\"application\/ld+json\" class=\"yoast-schema-graph\">{\"@context\":\"https:\/\/schema.org\",\"@graph\":[{\"@type\":\"WebSite\",\"@id\":\"https:\/\/projekt-armut.bui.haw-hamburg.de\/#website\",\"url\":\"https:\/\/projekt-armut.bui.haw-hamburg.de\/\",\"name\":\"Armut in Hamburg\",\"description\":\"Ein Projekt der HAW Hamburg\",\"potentialAction\":[{\"@type\":\"SearchAction\",\"target\":{\"@type\":\"EntryPoint\",\"urlTemplate\":\"https:\/\/projekt-armut.bui.haw-hamburg.de\/?s={search_term_string}\"},\"query-input\":\"required name=search_term_string\"}],\"inLanguage\":\"en-US\"},{\"@type\":\"WebPage\",\"@id\":\"https:\/\/projekt-armut.bui.haw-hamburg.de\/index.php\/uber-uns\/\",\"url\":\"https:\/\/projekt-armut.bui.haw-hamburg.de\/index.php\/uber-uns\/\",\"name\":\"\u00dcber uns - Armut in Hamburg\",\"isPartOf\":{\"@id\":\"https:\/\/projekt-armut.bui.haw-hamburg.de\/#website\"},\"datePublished\":\"2022-05-30T13:26:57+00:00\",\"dateModified\":\"2022-08-03T14:19:22+00:00\",\"breadcrumb\":{\"@id\":\"https:\/\/projekt-armut.bui.haw-hamburg.de\/index.php\/uber-uns\/#breadcrumb\"},\"inLanguage\":\"en-US\",\"potentialAction\":[{\"@type\":\"ReadAction\",\"target\":[\"https:\/\/projekt-armut.bui.haw-hamburg.de\/index.php\/uber-uns\/\"]}]},{\"@type\":\"BreadcrumbList\",\"@id\":\"https:\/\/projekt-armut.bui.haw-hamburg.de\/index.php\/uber-uns\/#breadcrumb\",\"itemListElement\":[{\"@type\":\"ListItem\",\"position\":1,\"name\":\"Home\",\"item\":\"https:\/\/projekt-armut.bui.haw-hamburg.de\/\"},{\"@type\":\"ListItem\",\"position\":2,\"name\":\"\u00dcber uns\"}]}]}<\/script>\n<!-- \/ Yoast SEO plugin. -->","yoast_head_json":{"title":"\u00dcber uns - Armut in Hamburg","robots":{"index":"index","follow":"follow","max-snippet":"max-snippet:-1","max-image-preview":"max-image-preview:large","max-video-preview":"max-video-preview:-1"},"canonical":"https:\/\/projekt-armut.bui.haw-hamburg.de\/index.php\/uber-uns\/","og_locale":"en_US","og_type":"article","og_title":"\u00dcber uns - Armut in Hamburg","og_description":"Moin und sch\u00f6n, dass Du auf diesen Blog gesto\u00dfen bist! Wir sind eine Gruppe Studierender im 2. Semester des Bachelor-Studiengangs&nbsp;Medien und Kommunikation&nbsp;der HAW Hamburg unter der Leitung von Prof. Dr. Hanna Klimpe, Ebru Tongar und Oliver V\u00f6lling. Im letzten Semester sollten wir lernen, sensible Themen journalistisch aufzubereiten und haben uns mit Armut in Hamburg besch\u00e4ftigt. [&hellip;]","og_url":"https:\/\/projekt-armut.bui.haw-hamburg.de\/index.php\/uber-uns\/","og_site_name":"Armut in Hamburg","article_modified_time":"2022-08-03T14:19:22+00:00","twitter_card":"summary_large_image","twitter_misc":{"Est. reading time":"1 minute"},"schema":{"@context":"https:\/\/schema.org","@graph":[{"@type":"WebSite","@id":"https:\/\/projekt-armut.bui.haw-hamburg.de\/#website","url":"https:\/\/projekt-armut.bui.haw-hamburg.de\/","name":"Armut in Hamburg","description":"Ein Projekt der HAW Hamburg","potentialAction":[{"@type":"SearchAction","target":{"@type":"EntryPoint","urlTemplate":"https:\/\/projekt-armut.bui.haw-hamburg.de\/?s={search_term_string}"},"query-input":"required name=search_term_string"}],"inLanguage":"en-US"},{"@type":"WebPage","@id":"https:\/\/projekt-armut.bui.haw-hamburg.de\/index.php\/uber-uns\/","url":"https:\/\/projekt-armut.bui.haw-hamburg.de\/index.php\/uber-uns\/","name":"\u00dcber uns - Armut in Hamburg","isPartOf":{"@id":"https:\/\/projekt-armut.bui.haw-hamburg.de\/#website"},"datePublished":"2022-05-30T13:26:57+00:00","dateModified":"2022-08-03T14:19:22+00:00","breadcrumb":{"@id":"https:\/\/projekt-armut.bui.haw-hamburg.de\/index.php\/uber-uns\/#breadcrumb"},"inLanguage":"en-US","potentialAction":[{"@type":"ReadAction","target":["https:\/\/projekt-armut.bui.haw-hamburg.de\/index.php\/uber-uns\/"]}]},{"@type":"BreadcrumbList","@id":"https:\/\/projekt-armut.bui.haw-hamburg.de\/index.php\/uber-uns\/#breadcrumb","itemListElement":[{"@type":"ListItem","position":1,"name":"Home","item":"https:\/\/projekt-armut.bui.haw-hamburg.de\/"},{"@type":"ListItem","position":2,"name":"\u00dcber uns"}]}]}},"_links":{"self":[{"href":"https:\/\/projekt-armut.bui.haw-hamburg.de\/index.php\/wp-json\/wp\/v2\/pages\/149","targetHints":{"allow":["GET"]}}],"collection":[{"href":"https:\/\/projekt-armut.bui.haw-hamburg.de\/index.php\/wp-json\/wp\/v2\/pages"}],"about":[{"href":"https:\/\/projekt-armut.bui.haw-hamburg.de\/index.php\/wp-json\/wp\/v2\/types\/page"}],"author":[{"embeddable":true,"href":"https:\/\/projekt-armut.bui.haw-hamburg.de\/index.php\/wp-json\/wp\/v2\/users\/2"}],"replies":[{"embeddable":true,"href":"https:\/\/projekt-armut.bui.haw-hamburg.de\/index.php\/wp-json\/wp\/v2\/comments?post=149"}],"version-history":[{"count":9,"href":"https:\/\/projekt-armut.bui.haw-hamburg.de\/index.php\/wp-json\/wp\/v2\/pages\/149\/revisions"}],"predecessor-version":[{"id":1185,"href":"https:\/\/projekt-armut.bui.haw-hamburg.de\/index.php\/wp-json\/wp\/v2\/pages\/149\/revisions\/1185"}],"wp:attachment":[{"href":"https:\/\/projekt-armut.bui.haw-hamburg.de\/index.php\/wp-json\/wp\/v2\/media?parent=149"}],"curies":[{"name":"wp","href":"https:\/\/api.w.org\/{rel}","templated":true}]}}