{"id":143,"date":"2022-05-30T17:29:42","date_gmt":"2022-05-30T17:29:42","guid":{"rendered":"https:\/\/projekt-armut.bui.haw-hamburg.de\/?page_id=143"},"modified":"2022-08-08T13:45:50","modified_gmt":"2022-08-08T13:45:50","slug":"impressum","status":"publish","type":"page","link":"https:\/\/projekt-armut.bui.haw-hamburg.de\/index.php\/impressum\/","title":{"rendered":"Impressum"},"content":{"rendered":"\n<div class=\"wp-block-columns is-layout-flex wp-container-core-columns-is-layout-9d6595d7 wp-block-columns-is-layout-flex\">\n<div class=\"wp-block-column is-layout-flow wp-block-column-is-layout-flow\" style=\"flex-basis:25%\"><\/div>\n\n\n\n<div class=\"wp-block-column is-layout-flow wp-block-column-is-layout-flow\" style=\"flex-basis:50%\">\n<h2 class=\"wp-block-heading\">Impressum<\/h2>\n\n\n\n<p><strong>Hochschule f\u00fcr Angewandte Wissenschaften Hamburg<\/strong><br>Oliver V\u00f6lling<br>Finkenau 35, 22081 Hamburg<br>oliver.voelling@haw-hamburg.de<br>+49 40 42875-3617<\/p>\n\n\n\n<p><strong>Verantwortlich f\u00fcr den Inhalt (gem. \u00a7 55 Abs. 2 RStV) <\/strong><\/p>\n\n\n\n<p>Hochschule f\u00fcr Angewandte Wissenschaften Hamburg<br>Oliver V\u00f6lling<br>Finkenau 35, 20281 Hamburg<\/p>\n<\/div>\n\n\n\n<div class=\"wp-block-column is-layout-flow wp-block-column-is-layout-flow\" style=\"flex-basis:25%\"><\/div>\n<\/div>\n","protected":false},"excerpt":{"rendered":"<p>Impressum Hochschule f\u00fcr Angewandte Wissenschaften HamburgOliver V\u00f6llingFinkenau 35, 22081 Hamburgoliver.voelling@haw-hamburg.de+49 40 42875-3617 Verantwortlich f\u00fcr den Inhalt (gem. \u00a7 55 Abs. 2 RStV) Hochschule f\u00fcr Angewandte Wissenschaften HamburgOliver V\u00f6llingFinkenau 35, 20281 Hamburg<\/p>\n","protected":false},"author":2,"featured_media":0,"parent":0,"menu_order":0,"comment_status":"closed","ping_status":"closed","template":"","meta":{"footnotes":""},"class_list":["post-143","page","type-page","status-publish","hentry","entry"],"yoast_head":"<!-- This site is optimized with the Yoast SEO plugin v19.4 - https:\/\/yoast.com\/wordpress\/plugins\/seo\/ -->\n<title>Impressum - Armut in Hamburg<\/title>\n<meta name=\"robots\" content=\"index, follow, max-snippet:-1, max-image-preview:large, max-video-preview:-1\" \/>\n<link rel=\"canonical\" href=\"https:\/\/projekt-armut.bui.haw-hamburg.de\/index.php\/impressum\/\" \/>\n<meta property=\"og:locale\" content=\"en_US\" \/>\n<meta property=\"og:type\" content=\"article\" \/>\n<meta property=\"og:title\" content=\"Impressum - Armut in Hamburg\" \/>\n<meta property=\"og:description\" content=\"Impressum Hochschule f\u00fcr Angewandte Wissenschaften HamburgOliver V\u00f6llingFinkenau 35, 22081 Hamburgoliver.voelling@haw-hamburg.de+49 40 42875-3617 Verantwortlich f\u00fcr den Inhalt (gem. \u00a7 55 Abs. 2 RStV) Hochschule f\u00fcr Angewandte Wissenschaften HamburgOliver V\u00f6llingFinkenau 35, 20281 Hamburg\" \/>\n<meta property=\"og:url\" content=\"https:\/\/projekt-armut.bui.haw-hamburg.de\/index.php\/impressum\/\" \/>\n<meta property=\"og:site_name\" content=\"Armut in Hamburg\" \/>\n<meta property=\"article:modified_time\" content=\"2022-08-08T13:45:50+00:00\" \/>\n<meta name=\"twitter:card\" content=\"summary_large_image\" \/>\n<meta name=\"twitter:label1\" content=\"Est. reading time\" \/>\n\t<meta name=\"twitter:data1\" content=\"1 minute\" \/>\n<script type=\"application\/ld+json\" class=\"yoast-schema-graph\">{\"@context\":\"https:\/\/schema.org\",\"@graph\":[{\"@type\":\"WebSite\",\"@id\":\"https:\/\/projekt-armut.bui.haw-hamburg.de\/#website\",\"url\":\"https:\/\/projekt-armut.bui.haw-hamburg.de\/\",\"name\":\"Armut in Hamburg\",\"description\":\"Ein Projekt der HAW Hamburg\",\"potentialAction\":[{\"@type\":\"SearchAction\",\"target\":{\"@type\":\"EntryPoint\",\"urlTemplate\":\"https:\/\/projekt-armut.bui.haw-hamburg.de\/?s={search_term_string}\"},\"query-input\":\"required name=search_term_string\"}],\"inLanguage\":\"en-US\"},{\"@type\":\"WebPage\",\"@id\":\"https:\/\/projekt-armut.bui.haw-hamburg.de\/index.php\/impressum\/\",\"url\":\"https:\/\/projekt-armut.bui.haw-hamburg.de\/index.php\/impressum\/\",\"name\":\"Impressum - Armut in Hamburg\",\"isPartOf\":{\"@id\":\"https:\/\/projekt-armut.bui.haw-hamburg.de\/#website\"},\"datePublished\":\"2022-05-30T17:29:42+00:00\",\"dateModified\":\"2022-08-08T13:45:50+00:00\",\"breadcrumb\":{\"@id\":\"https:\/\/projekt-armut.bui.haw-hamburg.de\/index.php\/impressum\/#breadcrumb\"},\"inLanguage\":\"en-US\",\"potentialAction\":[{\"@type\":\"ReadAction\",\"target\":[\"https:\/\/projekt-armut.bui.haw-hamburg.de\/index.php\/impressum\/\"]}]},{\"@type\":\"BreadcrumbList\",\"@id\":\"https:\/\/projekt-armut.bui.haw-hamburg.de\/index.php\/impressum\/#breadcrumb\",\"itemListElement\":[{\"@type\":\"ListItem\",\"position\":1,\"name\":\"Home\",\"item\":\"https:\/\/projekt-armut.bui.haw-hamburg.de\/\"},{\"@type\":\"ListItem\",\"position\":2,\"name\":\"Impressum\"}]}]}<\/script>\n<!-- \/ Yoast SEO plugin. -->","yoast_head_json":{"title":"Impressum - Armut in Hamburg","robots":{"index":"index","follow":"follow","max-snippet":"max-snippet:-1","max-image-preview":"max-image-preview:large","max-video-preview":"max-video-preview:-1"},"canonical":"https:\/\/projekt-armut.bui.haw-hamburg.de\/index.php\/impressum\/","og_locale":"en_US","og_type":"article","og_title":"Impressum - Armut in Hamburg","og_description":"Impressum Hochschule f\u00fcr Angewandte Wissenschaften HamburgOliver V\u00f6llingFinkenau 35, 22081 Hamburgoliver.voelling@haw-hamburg.de+49 40 42875-3617 Verantwortlich f\u00fcr den Inhalt (gem. \u00a7 55 Abs. 2 RStV) Hochschule f\u00fcr Angewandte Wissenschaften HamburgOliver V\u00f6llingFinkenau 35, 20281 Hamburg","og_url":"https:\/\/projekt-armut.bui.haw-hamburg.de\/index.php\/impressum\/","og_site_name":"Armut in Hamburg","article_modified_time":"2022-08-08T13:45:50+00:00","twitter_card":"summary_large_image","twitter_misc":{"Est. reading time":"1 minute"},"schema":{"@context":"https:\/\/schema.org","@graph":[{"@type":"WebSite","@id":"https:\/\/projekt-armut.bui.haw-hamburg.de\/#website","url":"https:\/\/projekt-armut.bui.haw-hamburg.de\/","name":"Armut in Hamburg","description":"Ein Projekt der HAW Hamburg","potentialAction":[{"@type":"SearchAction","target":{"@type":"EntryPoint","urlTemplate":"https:\/\/projekt-armut.bui.haw-hamburg.de\/?s={search_term_string}"},"query-input":"required name=search_term_string"}],"inLanguage":"en-US"},{"@type":"WebPage","@id":"https:\/\/projekt-armut.bui.haw-hamburg.de\/index.php\/impressum\/","url":"https:\/\/projekt-armut.bui.haw-hamburg.de\/index.php\/impressum\/","name":"Impressum - Armut in Hamburg","isPartOf":{"@id":"https:\/\/projekt-armut.bui.haw-hamburg.de\/#website"},"datePublished":"2022-05-30T17:29:42+00:00","dateModified":"2022-08-08T13:45:50+00:00","breadcrumb":{"@id":"https:\/\/projekt-armut.bui.haw-hamburg.de\/index.php\/impressum\/#breadcrumb"},"inLanguage":"en-US","potentialAction":[{"@type":"ReadAction","target":["https:\/\/projekt-armut.bui.haw-hamburg.de\/index.php\/impressum\/"]}]},{"@type":"BreadcrumbList","@id":"https:\/\/projekt-armut.bui.haw-hamburg.de\/index.php\/impressum\/#breadcrumb","itemListElement":[{"@type":"ListItem","position":1,"name":"Home","item":"https:\/\/projekt-armut.bui.haw-hamburg.de\/"},{"@type":"ListItem","position":2,"name":"Impressum"}]}]}},"_links":{"self":[{"href":"https:\/\/projekt-armut.bui.haw-hamburg.de\/index.php\/wp-json\/wp\/v2\/pages\/143","targetHints":{"allow":["GET"]}}],"collection":[{"href":"https:\/\/projekt-armut.bui.haw-hamburg.de\/index.php\/wp-json\/wp\/v2\/pages"}],"about":[{"href":"https:\/\/projekt-armut.bui.haw-hamburg.de\/index.php\/wp-json\/wp\/v2\/types\/page"}],"author":[{"embeddable":true,"href":"https:\/\/projekt-armut.bui.haw-hamburg.de\/index.php\/wp-json\/wp\/v2\/users\/2"}],"replies":[{"embeddable":true,"href":"https:\/\/projekt-armut.bui.haw-hamburg.de\/index.php\/wp-json\/wp\/v2\/comments?post=143"}],"version-history":[{"count":10,"href":"https:\/\/projekt-armut.bui.haw-hamburg.de\/index.php\/wp-json\/wp\/v2\/pages\/143\/revisions"}],"predecessor-version":[{"id":1227,"href":"https:\/\/projekt-armut.bui.haw-hamburg.de\/index.php\/wp-json\/wp\/v2\/pages\/143\/revisions\/1227"}],"wp:attachment":[{"href":"https:\/\/projekt-armut.bui.haw-hamburg.de\/index.php\/wp-json\/wp\/v2\/media?parent=143"}],"curies":[{"name":"wp","href":"https:\/\/api.w.org\/{rel}","templated":true}]}}